{"id":293,"date":"2021-06-09T16:33:18","date_gmt":"2021-06-09T14:33:18","guid":{"rendered":"https:\/\/www.residenzailroseto.it\/?page_id=293"},"modified":"2021-07-02T17:18:55","modified_gmt":"2021-07-02T15:18:55","slug":"map","status":"publish","type":"page","link":"https:\/\/www.residenzailroseto.it\/?page_id=293&lang=fr","title":{"rendered":"Plan \/ Coordonn\u00e9es"},"content":{"rendered":"\n<p><iframe src=\"https:\/\/www.google.com\/maps\/embed?pb=!1m14!1m8!1m3!1d11645.998242934194!2d12.2047465!3d43.136038!3m2!1i1024!2i768!4f13.1!3m3!1m2!1s0x0%3A0xca25fe6b00fe8b74!2sResidenza%20Il%20roseto!5e0!3m2!1sit!2sit!4v1622833765811!5m2!1sit!2sit\" width=\"600\" height=\"450\" style=\"border:0;\" allowfullscreen=\"\" loading=\"lazy\"><\/iframe><\/p>\n\n\n\n<p>L&#8217;\u00e9l\u00e9gant complexe touristique, totalement cl\u00f4tur\u00e9, est situ\u00e9 \u00e0 la p\u00e9riph\u00e9rie de Magione, une ville qui s&#8217;est d\u00e9velopp\u00e9e autour du Ch\u00e2teau des Chevaliers de Malte, \u00e0 quelques minutes des rives du lac, de l&#8217;oasis naturaliste &#8220;La Valle&#8221;, de la d\u00e9parts de ferry pour les \u00eeles et l&#8217;hippodrome.<\/p>\n\n\n\n<h2 class=\"wp-block-heading\"><strong>Facile d&#8217;acc\u00e8s<\/strong><\/h2>\n\n\n\n<p>La propri\u00e9t\u00e9 est situ\u00e9e sur l&#8217;axe qui relie P\u00e9rouse au lac Trasim\u00e8ne, \u00e0 environ 3 km de la jonction d&#8217;autoroute, dans une position centrale et facilement accessible depuis les voies de communication les plus importantes.<\/p>\n\n\n\n<h2 class=\"wp-block-heading\"><strong>Comment aller l\u00e0<\/strong><\/h2>\n\n\n\n<ul class=\"wp-block-list\"><li><strong>Avion <\/strong>: A\u00e9roport international S. Egidio (25 Km.)<\/li><li><strong>Voiture <\/strong>: Autoroute Al, E45, sortie Magione, SS75 del Trasimeno en direction de Chiusi (3 Km.)<\/li><li><strong>Train <\/strong>: Gare de Magione (200 m.)<\/li><\/ul>\n\n\n\n<h2 class=\"wp-block-heading\"><br>Contacts<\/h2>\n\n\n\n<p>T\u00e9l +39 3490690500<\/p>\n\n\n\n<p>courrier: info@residenzailroseto.it<\/p>\n","protected":false},"excerpt":{"rendered":"<p>L&#8217;\u00e9l\u00e9gant complexe touristique, totalement cl\u00f4tur\u00e9, est situ\u00e9 \u00e0 la p\u00e9riph\u00e9rie de Magione, une ville qui s&#8217;est d\u00e9velopp\u00e9e autour du Ch\u00e2teau des Chevaliers de Malte, \u00e0 quelques minutes des rives du lac, de l&#8217;oasis naturaliste &#8220;La Valle&#8221;, de la d\u00e9parts de ferry pour les \u00eeles et l&#8217;hippodrome. Facile d&#8217;acc\u00e8s La propri\u00e9t\u00e9 est situ\u00e9e sur l&#8217;axe qui &hellip; <\/p>\n<p class=\"link-more\"><a href=\"https:\/\/www.residenzailroseto.it\/?page_id=293&#038;lang=fr\" class=\"more-link\">Leggi tutto<span class=\"screen-reader-text\"> &#8220;Plan \/ Coordonn\u00e9es&#8221;<\/span><\/a><\/p>\n","protected":false},"author":3,"featured_media":164,"parent":0,"menu_order":0,"comment_status":"closed","ping_status":"closed","template":"","meta":{"footnotes":""},"class_list":["post-293","page","type-page","status-publish","has-post-thumbnail","hentry"],"_links":{"self":[{"href":"https:\/\/www.residenzailroseto.it\/index.php?rest_route=\/wp\/v2\/pages\/293","targetHints":{"allow":["GET"]}}],"collection":[{"href":"https:\/\/www.residenzailroseto.it\/index.php?rest_route=\/wp\/v2\/pages"}],"about":[{"href":"https:\/\/www.residenzailroseto.it\/index.php?rest_route=\/wp\/v2\/types\/page"}],"author":[{"embeddable":true,"href":"https:\/\/www.residenzailroseto.it\/index.php?rest_route=\/wp\/v2\/users\/3"}],"replies":[{"embeddable":true,"href":"https:\/\/www.residenzailroseto.it\/index.php?rest_route=%2Fwp%2Fv2%2Fcomments&post=293"}],"version-history":[{"count":4,"href":"https:\/\/www.residenzailroseto.it\/index.php?rest_route=\/wp\/v2\/pages\/293\/revisions"}],"predecessor-version":[{"id":492,"href":"https:\/\/www.residenzailroseto.it\/index.php?rest_route=\/wp\/v2\/pages\/293\/revisions\/492"}],"wp:featuredmedia":[{"embeddable":true,"href":"https:\/\/www.residenzailroseto.it\/index.php?rest_route=\/wp\/v2\/media\/164"}],"wp:attachment":[{"href":"https:\/\/www.residenzailroseto.it\/index.php?rest_route=%2Fwp%2Fv2%2Fmedia&parent=293"}],"curies":[{"name":"wp","href":"https:\/\/api.w.org\/{rel}","templated":true}]}}