{"id":291,"date":"2021-06-09T16:32:24","date_gmt":"2021-06-09T14:32:24","guid":{"rendered":"https:\/\/www.residenzailroseto.it\/?page_id=291"},"modified":"2021-07-03T17:21:45","modified_gmt":"2021-07-03T15:21:45","slug":"la-tenuta-fr","status":"publish","type":"page","link":"https:\/\/www.residenzailroseto.it\/?page_id=291&lang=fr","title":{"rendered":"La tenuta"},"content":{"rendered":"\n<div class=\"wp-block-image\"><figure class=\"aligncenter size-large\"><img loading=\"lazy\" decoding=\"async\" width=\"410\" height=\"229\" src=\"https:\/\/www.residenzailroseto.it\/wp-content\/uploads\/2021\/07\/Logo-Tenuta-del-Colonnello.png\" alt=\"\" class=\"wp-image-537\" srcset=\"https:\/\/www.residenzailroseto.it\/wp-content\/uploads\/2021\/07\/Logo-Tenuta-del-Colonnello.png 410w, https:\/\/www.residenzailroseto.it\/wp-content\/uploads\/2021\/07\/Logo-Tenuta-del-Colonnello-300x168.png 300w\" sizes=\"auto, (max-width: 410px) 100vw, 410px\" \/><\/figure><\/div>\n\n\n\n<div style=\"height:31px\" aria-hidden=\"true\" class=\"wp-block-spacer\"><\/div>\n\n\n\n<p>La ferme \u00ab TENUTA DEL COLONNELLO \u00bb et sa ferme \u00ab Residenza il roseto \u00bb sont une combinaison de sensations : production d&#8217;huile biologique, d\u00e9gustation de produits locaux et hospitalit\u00e9. Tenuta del Colonnello est un compendium d&#8217;agriculture biologique d&#8217;une vingtaine d&#8217;hectares en position dominante dans la zone SIC (Site d&#8217;int\u00e9r\u00eat communautaire) de la r\u00e9gion du lac Trasim\u00e8ne, d&#8217;o\u00f9 vous pourrez admirer un panorama unique parmi des oliveraies pr\u00e9serv\u00e9es et des arbres centenaires &#8216; h\u00f4tes de la ferme, situ\u00e9e \u00e0 quelques kilom\u00e8tres, \u00e0 la p\u00e9riph\u00e9rie de Magione, un environnement calme et paisible pour passer d&#8217;agr\u00e9ables journ\u00e9es \u00e0 la d\u00e9couverte des richesses naturalistes.<\/p>\n\n\n\n<figure class=\"wp-block-embed is-type-video is-provider-youtube wp-block-embed-youtube wp-embed-aspect-16-9 wp-has-aspect-ratio\"><div class=\"wp-block-embed__wrapper\">\n<iframe loading=\"lazy\" title=\"La tenuta del colonnello\" width=\"525\" height=\"295\" src=\"https:\/\/www.youtube.com\/embed\/Pg_cvB4X0tE?feature=oembed\" frameborder=\"0\" allow=\"accelerometer; autoplay; clipboard-write; encrypted-media; gyroscope; picture-in-picture; web-share\" referrerpolicy=\"strict-origin-when-cross-origin\" allowfullscreen><\/iframe>\n<\/div><\/figure>\n\n\n\n<h2 class=\"wp-block-heading\"><strong>Nos produits<\/strong><\/h2>\n\n\n\n<figure class=\"wp-block-image size-large is-resized\"><img loading=\"lazy\" decoding=\"async\" src=\"https:\/\/www.residenzailroseto.it\/wp-content\/uploads\/2021\/07\/IMG_20210702_175227-576x1024.jpg\" alt=\"\" class=\"wp-image-508\" width=\"231\" height=\"411\" srcset=\"https:\/\/www.residenzailroseto.it\/wp-content\/uploads\/2021\/07\/IMG_20210702_175227-576x1024.jpg 576w, https:\/\/www.residenzailroseto.it\/wp-content\/uploads\/2021\/07\/IMG_20210702_175227-169x300.jpg 169w, https:\/\/www.residenzailroseto.it\/wp-content\/uploads\/2021\/07\/IMG_20210702_175227.jpg 686w\" sizes=\"auto, (max-width: 231px) 100vw, 231px\" \/><\/figure>\n\n\n\n<p>Notre huile parle de l&#8217;histoire, du go\u00fbt et de la sensorialit\u00e9 typiquement ombriennes. L&#8217;huile biologique et AOP du domaine est le r\u00e9sultat des cultivars d&#8217;olives typiques de l&#8217;Ombrie ; combine la d\u00e9licatesse du go\u00fbt de l&#8217;huile d&#8217;Agogia avec le parfum et la saveur de Leccino, Moraiolo et Frantoio, le patrimoine culturel de la r\u00e9gion, pour cr\u00e9er un produit unique et organoleptiquement \u00e9quilibr\u00e9<\/p>\n","protected":false},"excerpt":{"rendered":"<p>La ferme \u00ab TENUTA DEL COLONNELLO \u00bb et sa ferme \u00ab Residenza il roseto \u00bb sont une combinaison de sensations : production d&#8217;huile biologique, d\u00e9gustation de produits locaux et hospitalit\u00e9. Tenuta del Colonnello est un compendium d&#8217;agriculture biologique d&#8217;une vingtaine d&#8217;hectares en position dominante dans la zone SIC (Site d&#8217;int\u00e9r\u00eat communautaire) de la r\u00e9gion du &hellip; <\/p>\n<p class=\"link-more\"><a href=\"https:\/\/www.residenzailroseto.it\/?page_id=291&#038;lang=fr\" class=\"more-link\">Leggi tutto<span class=\"screen-reader-text\"> &#8220;La tenuta&#8221;<\/span><\/a><\/p>\n","protected":false},"author":3,"featured_media":0,"parent":0,"menu_order":0,"comment_status":"closed","ping_status":"closed","template":"","meta":{"footnotes":""},"class_list":["post-291","page","type-page","status-publish","hentry"],"_links":{"self":[{"href":"https:\/\/www.residenzailroseto.it\/index.php?rest_route=\/wp\/v2\/pages\/291","targetHints":{"allow":["GET"]}}],"collection":[{"href":"https:\/\/www.residenzailroseto.it\/index.php?rest_route=\/wp\/v2\/pages"}],"about":[{"href":"https:\/\/www.residenzailroseto.it\/index.php?rest_route=\/wp\/v2\/types\/page"}],"author":[{"embeddable":true,"href":"https:\/\/www.residenzailroseto.it\/index.php?rest_route=\/wp\/v2\/users\/3"}],"replies":[{"embeddable":true,"href":"https:\/\/www.residenzailroseto.it\/index.php?rest_route=%2Fwp%2Fv2%2Fcomments&post=291"}],"version-history":[{"count":7,"href":"https:\/\/www.residenzailroseto.it\/index.php?rest_route=\/wp\/v2\/pages\/291\/revisions"}],"predecessor-version":[{"id":542,"href":"https:\/\/www.residenzailroseto.it\/index.php?rest_route=\/wp\/v2\/pages\/291\/revisions\/542"}],"wp:attachment":[{"href":"https:\/\/www.residenzailroseto.it\/index.php?rest_route=%2Fwp%2Fv2%2Fmedia&parent=291"}],"curies":[{"name":"wp","href":"https:\/\/api.w.org\/{rel}","templated":true}]}}