{"id":289,"date":"2021-06-09T16:31:42","date_gmt":"2021-06-09T14:31:42","guid":{"rendered":"https:\/\/www.residenzailroseto.it\/?page_id=289"},"modified":"2021-06-09T16:31:43","modified_gmt":"2021-06-09T14:31:43","slug":"services-2","status":"publish","type":"page","link":"https:\/\/www.residenzailroseto.it\/?page_id=289&lang=fr","title":{"rendered":"Services"},"content":{"rendered":"\n<p><strong>Piscine<\/strong><\/p>\n\n\n\n<p><strong>Internet<\/strong><\/p>\n\n\n\n<p><strong>Climatisation<\/strong><\/p>\n\n\n\n<p><strong>Animaux autoris\u00e9s<\/strong><\/p>\n\n\n\n<h4 class=\"wp-block-heading\">Esp\u00e8ces autoris\u00e9es<\/h4>\n\n\n\n<ul class=\"wp-block-list\"><li>Chiens<\/li><li>Chats<\/li><\/ul>\n\n\n\n<h4 class=\"wp-block-heading\">Taille\/genre chiens<\/h4>\n\n\n\n<ul class=\"wp-block-list\"><li>Petite (moins de 10 kg)<\/li><li>Moyenne (10 kg &#8211; 25 kg)<\/li><li>Grande (25 kg &#8211; 45 kg)<\/li><li>G\u00e9ante (plus de 45 kg)<\/li><\/ul>\n\n\n\n<h4 class=\"wp-block-heading\">Autoris\u00e9s dans<\/h4>\n\n\n\n<ul class=\"wp-block-list\"><li>H\u00e9bergement<\/li><li>Espaces communs<\/li><\/ul>\n\n\n\n<h4 class=\"wp-block-heading\">S\u00e9curit\u00e9<\/h4>\n\n\n\n<ul class=\"wp-block-list\"><li>Uniquement les animaux bien \u00e9lev\u00e9s et surveill\u00e9s<\/li><li>Laisse obligatoire \u00e0 l&#8217;int\u00e9rieur<\/li><\/ul>\n\n\n\n<h4 class=\"wp-block-heading\">Services<\/h4>\n\n\n\n<ul class=\"wp-block-list\"><li>Panier\/tapis \u00e0 l&#8217;int\u00e9rieur<\/li><li>Proche d&#8217;un v\u00e9t\u00e9rinaire<\/li><\/ul>\n\n\n\n<p><strong>Espace jeux enfants<\/strong><strong>Sport et loisirs<\/strong><\/p>\n\n\n\n<ul class=\"wp-block-list\"><li>Centre \u00e9questre<\/li><li>V\u00e9los disponibles<\/li><\/ul>\n\n\n\n<p><strong>Vente de produits typiques<\/strong><strong>Services aux handicap\u00e9s<\/strong><strong>Carte de cr\u00e9dit accept\u00e9e<\/strong><strong>Attractions\/activit\u00e9s \u00e0 proximit\u00e9<\/strong><\/p>\n\n\n\n<ul class=\"wp-block-list\"><li>Parcs th\u00e9matiques et aquatiques<\/li><li>Parcs naturels<\/li><li>Mus\u00e9es et galeries<\/li><li>Sites historiques et artistiques<\/li><li>Centre thermal &#8211; Spa<\/li><\/ul>\n\n\n\n<p><strong>Sport et activit\u00e9s dans les alentours<\/strong><\/p>\n\n\n\n<ul class=\"wp-block-list\"><li>Randonn\u00e9es<\/li><li>Observation des oiseaux<\/li><li>Chasse<\/li><li>P\u00eache<\/li><li>\u00c9quitation<\/li><li>Golf<\/li><li>Tennis<\/li><li>Shopping<\/li><\/ul>\n","protected":false},"excerpt":{"rendered":"<p>Piscine Internet Climatisation Animaux autoris\u00e9s Esp\u00e8ces autoris\u00e9es Chiens Chats Taille\/genre chiens Petite (moins de 10 kg) Moyenne (10 kg &#8211; 25 kg) Grande (25 kg &#8211; 45 kg) G\u00e9ante (plus de 45 kg) Autoris\u00e9s dans H\u00e9bergement Espaces communs S\u00e9curit\u00e9 Uniquement les animaux bien \u00e9lev\u00e9s et surveill\u00e9s Laisse obligatoire \u00e0 l&#8217;int\u00e9rieur Services Panier\/tapis \u00e0 l&#8217;int\u00e9rieur Proche &hellip; <\/p>\n<p class=\"link-more\"><a href=\"https:\/\/www.residenzailroseto.it\/?page_id=289&#038;lang=fr\" class=\"more-link\">Leggi tutto<span class=\"screen-reader-text\"> &#8220;Services&#8221;<\/span><\/a><\/p>\n","protected":false},"author":3,"featured_media":141,"parent":0,"menu_order":0,"comment_status":"closed","ping_status":"closed","template":"","meta":{"footnotes":""},"class_list":["post-289","page","type-page","status-publish","has-post-thumbnail","hentry"],"_links":{"self":[{"href":"https:\/\/www.residenzailroseto.it\/index.php?rest_route=\/wp\/v2\/pages\/289","targetHints":{"allow":["GET"]}}],"collection":[{"href":"https:\/\/www.residenzailroseto.it\/index.php?rest_route=\/wp\/v2\/pages"}],"about":[{"href":"https:\/\/www.residenzailroseto.it\/index.php?rest_route=\/wp\/v2\/types\/page"}],"author":[{"embeddable":true,"href":"https:\/\/www.residenzailroseto.it\/index.php?rest_route=\/wp\/v2\/users\/3"}],"replies":[{"embeddable":true,"href":"https:\/\/www.residenzailroseto.it\/index.php?rest_route=%2Fwp%2Fv2%2Fcomments&post=289"}],"version-history":[{"count":1,"href":"https:\/\/www.residenzailroseto.it\/index.php?rest_route=\/wp\/v2\/pages\/289\/revisions"}],"predecessor-version":[{"id":290,"href":"https:\/\/www.residenzailroseto.it\/index.php?rest_route=\/wp\/v2\/pages\/289\/revisions\/290"}],"wp:featuredmedia":[{"embeddable":true,"href":"https:\/\/www.residenzailroseto.it\/index.php?rest_route=\/wp\/v2\/media\/141"}],"wp:attachment":[{"href":"https:\/\/www.residenzailroseto.it\/index.php?rest_route=%2Fwp%2Fv2%2Fmedia&parent=289"}],"curies":[{"name":"wp","href":"https:\/\/api.w.org\/{rel}","templated":true}]}}