{"id":287,"date":"2021-06-09T16:30:02","date_gmt":"2021-06-09T14:30:02","guid":{"rendered":"https:\/\/www.residenzailroseto.it\/?page_id=287"},"modified":"2021-06-09T16:30:03","modified_gmt":"2021-06-09T14:30:03","slug":"activites-et-alentours","status":"publish","type":"page","link":"https:\/\/www.residenzailroseto.it\/?page_id=287&lang=fr","title":{"rendered":"Activit\u00e9s et alentours"},"content":{"rendered":"\n<p>A l&#8217;int\u00e9rieur de la R\u00e9sidence sont organis\u00e9s des tournois de Burraco&nbsp;<strong>,<\/strong>&nbsp;Ping-Pong&nbsp;<strong>,<\/strong>&nbsp;<strong>Calcio Balilla<\/strong>.<\/p>\n\n\n\n<p>Il y a \u00e9galement une navette&nbsp;<strong>pour<\/strong>emmener les h\u00f4tes \u00e0 la ferme (\u00e0 environ 20 minutes de la R\u00e9sidence) et\/ou pour les conduire aux points d&#8217;int\u00e9r\u00eat des environs tels que : la r\u00e9serve naturelle de La<strong>Valle, le Ch\u00e2teau des Chevaliers de<\/strong>&nbsp;<strong>Malte, les quais des ferries<\/strong>&nbsp;pour les \u00eeles.<\/p>\n\n\n\n<p>En outre, il est possible de rejoindre en quelques minutes de voiture P\u00e9rouse (&nbsp;<strong>festival de&nbsp;<\/strong>musique jazz d&#8217;Ombrie, foire Eurochocolate&#8230;), Gubbio&nbsp;<strong>(pour<\/strong>la Corsa dei Ceri par exemple), des festivals, des foires et des tournois m\u00e9di\u00e9vaux.<\/p>\n","protected":false},"excerpt":{"rendered":"<p>A l&#8217;int\u00e9rieur de la R\u00e9sidence sont organis\u00e9s des tournois de Burraco&nbsp;,&nbsp;Ping-Pong&nbsp;,&nbsp;Calcio Balilla. Il y a \u00e9galement une navette&nbsp;pouremmener les h\u00f4tes \u00e0 la ferme (\u00e0 environ 20 minutes de la R\u00e9sidence) et\/ou pour les conduire aux points d&#8217;int\u00e9r\u00eat des environs tels que : la r\u00e9serve naturelle de LaValle, le Ch\u00e2teau des Chevaliers de&nbsp;Malte, les quais des &hellip; <\/p>\n<p class=\"link-more\"><a href=\"https:\/\/www.residenzailroseto.it\/?page_id=287&#038;lang=fr\" class=\"more-link\">Leggi tutto<span class=\"screen-reader-text\"> &#8220;Activit\u00e9s et alentours&#8221;<\/span><\/a><\/p>\n","protected":false},"author":3,"featured_media":61,"parent":0,"menu_order":0,"comment_status":"closed","ping_status":"closed","template":"","meta":{"footnotes":""},"class_list":["post-287","page","type-page","status-publish","has-post-thumbnail","hentry"],"_links":{"self":[{"href":"https:\/\/www.residenzailroseto.it\/index.php?rest_route=\/wp\/v2\/pages\/287","targetHints":{"allow":["GET"]}}],"collection":[{"href":"https:\/\/www.residenzailroseto.it\/index.php?rest_route=\/wp\/v2\/pages"}],"about":[{"href":"https:\/\/www.residenzailroseto.it\/index.php?rest_route=\/wp\/v2\/types\/page"}],"author":[{"embeddable":true,"href":"https:\/\/www.residenzailroseto.it\/index.php?rest_route=\/wp\/v2\/users\/3"}],"replies":[{"embeddable":true,"href":"https:\/\/www.residenzailroseto.it\/index.php?rest_route=%2Fwp%2Fv2%2Fcomments&post=287"}],"version-history":[{"count":1,"href":"https:\/\/www.residenzailroseto.it\/index.php?rest_route=\/wp\/v2\/pages\/287\/revisions"}],"predecessor-version":[{"id":288,"href":"https:\/\/www.residenzailroseto.it\/index.php?rest_route=\/wp\/v2\/pages\/287\/revisions\/288"}],"wp:featuredmedia":[{"embeddable":true,"href":"https:\/\/www.residenzailroseto.it\/index.php?rest_route=\/wp\/v2\/media\/61"}],"wp:attachment":[{"href":"https:\/\/www.residenzailroseto.it\/index.php?rest_route=%2Fwp%2Fv2%2Fmedia&parent=287"}],"curies":[{"name":"wp","href":"https:\/\/api.w.org\/{rel}","templated":true}]}}