{"id":127,"date":"2021-06-03T19:13:16","date_gmt":"2021-06-03T17:13:16","guid":{"rendered":"https:\/\/www.residenzailroseto.it\/?page_id=127"},"modified":"2021-06-03T19:13:17","modified_gmt":"2021-06-03T17:13:17","slug":"freizeitangebot-und-umgebung","status":"publish","type":"page","link":"https:\/\/www.residenzailroseto.it\/?page_id=127&lang=de","title":{"rendered":"Freizeitangebot und Umgebung"},"content":{"rendered":"\n<p>Im Inneren der Residenz werden Turniere von Burraco&nbsp;<strong>,<\/strong>&nbsp;Ping-Pong&nbsp;<strong>,<\/strong>&nbsp;<strong>Calcio Balilla<\/strong>&nbsp;organisiert.<\/p>\n\n\n\n<p>Es gibt auch einen Shuttle-Bus&nbsp;<strong>, der<\/strong>die G\u00e4ste zum Bauernhof (ca. 20 Minuten von der Residenz entfernt) und\/oder zu den Sehensw\u00fcrdigkeiten in der Umgebung bringt, wie z.B.: das Naturschutzgebiet La<strong>Valle, die Burg der<\/strong>&nbsp;<strong>Malteserritter, die F\u00e4hranleger<\/strong>&nbsp;zu den Inseln.<\/p>\n\n\n\n<p>Dar\u00fcber hinaus ist es m\u00f6glich, in wenigen Autominuten Perugia (Umbria&nbsp;<strong>Jazz-Musikfestival&nbsp;<\/strong>, Eurochocolate Messe&#8230;), Gubbio&nbsp;<strong>(f\u00fcr die<\/strong>Corsa dei Ceri zum Beispiel), Festivals, Messen und mittelalterliche Turniere zu erreichen.<\/p>\n","protected":false},"excerpt":{"rendered":"<p>Im Inneren der Residenz werden Turniere von Burraco&nbsp;,&nbsp;Ping-Pong&nbsp;,&nbsp;Calcio Balilla&nbsp;organisiert. Es gibt auch einen Shuttle-Bus&nbsp;, derdie G\u00e4ste zum Bauernhof (ca. 20 Minuten von der Residenz entfernt) und\/oder zu den Sehensw\u00fcrdigkeiten in der Umgebung bringt, wie z.B.: das Naturschutzgebiet LaValle, die Burg der&nbsp;Malteserritter, die F\u00e4hranleger&nbsp;zu den Inseln. Dar\u00fcber hinaus ist es m\u00f6glich, in wenigen Autominuten Perugia (Umbria&nbsp;Jazz-Musikfestival&nbsp;, &hellip; <\/p>\n<p class=\"link-more\"><a href=\"https:\/\/www.residenzailroseto.it\/?page_id=127&#038;lang=de\" class=\"more-link\">Leggi tutto<span class=\"screen-reader-text\"> &#8220;Freizeitangebot und Umgebung&#8221;<\/span><\/a><\/p>\n","protected":false},"author":3,"featured_media":61,"parent":0,"menu_order":0,"comment_status":"closed","ping_status":"closed","template":"","meta":{"footnotes":""},"class_list":["post-127","page","type-page","status-publish","has-post-thumbnail","hentry"],"_links":{"self":[{"href":"https:\/\/www.residenzailroseto.it\/index.php?rest_route=\/wp\/v2\/pages\/127","targetHints":{"allow":["GET"]}}],"collection":[{"href":"https:\/\/www.residenzailroseto.it\/index.php?rest_route=\/wp\/v2\/pages"}],"about":[{"href":"https:\/\/www.residenzailroseto.it\/index.php?rest_route=\/wp\/v2\/types\/page"}],"author":[{"embeddable":true,"href":"https:\/\/www.residenzailroseto.it\/index.php?rest_route=\/wp\/v2\/users\/3"}],"replies":[{"embeddable":true,"href":"https:\/\/www.residenzailroseto.it\/index.php?rest_route=%2Fwp%2Fv2%2Fcomments&post=127"}],"version-history":[{"count":1,"href":"https:\/\/www.residenzailroseto.it\/index.php?rest_route=\/wp\/v2\/pages\/127\/revisions"}],"predecessor-version":[{"id":128,"href":"https:\/\/www.residenzailroseto.it\/index.php?rest_route=\/wp\/v2\/pages\/127\/revisions\/128"}],"wp:featuredmedia":[{"embeddable":true,"href":"https:\/\/www.residenzailroseto.it\/index.php?rest_route=\/wp\/v2\/media\/61"}],"wp:attachment":[{"href":"https:\/\/www.residenzailroseto.it\/index.php?rest_route=%2Fwp%2Fv2%2Fmedia&parent=127"}],"curies":[{"name":"wp","href":"https:\/\/api.w.org\/{rel}","templated":true}]}}