{"id":420,"date":"2021-06-26T12:12:47","date_gmt":"2021-06-26T10:12:47","guid":{"rendered":"https:\/\/www.residenzailroseto.it\/?page_id=420"},"modified":"2022-02-19T09:32:55","modified_gmt":"2022-02-19T08:32:55","slug":"prix","status":"publish","type":"page","link":"https:\/\/www.residenzailroseto.it\/index.php\/fr\/prix\/","title":{"rendered":"Prix"},"content":{"rendered":"\n<figure class=\"wp-block-table is-style-stripes\"><table class=\"has-fixed-layout\"><thead><tr><th>Nome Appartamento&nbsp;<\/th><th>N\u00b0 de chambres&nbsp;<\/th><th class=\"has-text-align-center\" data-align=\"center\">des lits<\/th><th class=\"has-text-align-center\" data-align=\"center\">Tarif semaine<br><br>Haute saison<\/th><th class=\"has-text-align-center\" data-align=\"center\">Tarif semaine<br><br>Basse saison<\/th><th>Tarif journalier<\/th><\/tr><\/thead><tbody><tr><td>Blue Moon<\/td><td>2 \/ mq 30<\/td><td class=\"has-text-align-center\" data-align=\"center\">&nbsp;1 + 2<\/td><td class=\"has-text-align-center\" data-align=\"center\">&nbsp;\u20ac 735<\/td><td class=\"has-text-align-center\" data-align=\"center\">&nbsp;\u20ac 650<\/td><td>&nbsp;\u20ac 110<\/td><\/tr><tr><td>Melrose&nbsp;<\/td><td>2 \/mq 35<\/td><td class=\"has-text-align-center\" data-align=\"center\">&nbsp;2 + 2<\/td><td class=\"has-text-align-center\" data-align=\"center\">&nbsp;\u20ac 875<\/td><td class=\"has-text-align-center\" data-align=\"center\">&nbsp;\u20ac 800<\/td><td>&nbsp;\u20ac 130<\/td><\/tr><tr><td>Ametista*<\/td><td>2 \/mq 35<\/td><td class=\"has-text-align-center\" data-align=\"center\">&nbsp;2 + 2<\/td><td class=\"has-text-align-center\" data-align=\"center\">&nbsp;\u20ac 950<\/td><td class=\"has-text-align-center\" data-align=\"center\">&nbsp;\u20ac 830<\/td><td>&nbsp;\u20ac 140<\/td><\/tr><tr><td>Thalia*<\/td><td>2 \/mq 30<\/td><td class=\"has-text-align-center\" data-align=\"center\">&nbsp;2<\/td><td class=\"has-text-align-center\" data-align=\"center\">&nbsp;\u20ac 650<\/td><td class=\"has-text-align-center\" data-align=\"center\">&nbsp;\u20ac 600<\/td><td>&nbsp;\u20ac 100<\/td><\/tr><tr><td>Amarcord<\/td><td>2 \/mq 32<\/td><td class=\"has-text-align-center\" data-align=\"center\">&nbsp;2 + 2<\/td><td class=\"has-text-align-center\" data-align=\"center\">&nbsp;\u20ac 840<\/td><td class=\"has-text-align-center\" data-align=\"center\">&nbsp;\u20ac 750<\/td><td>&nbsp;\u20ac 125<\/td><\/tr><\/tbody><\/table><figcaption>(*) Les deux appartements sont communicants et peuvent \u00eatre r\u00e9unis<\/figcaption><\/figure>\n\n\n\n<p><strong>Haute saison:<\/strong> du 10 juin au 15 septembre, P\u00e2ques, No\u00ebl, Nouvel An<\/p>\n\n\n\n<h2><strong>DES OFFERS<\/strong><\/h2>\n\n\n\n<ul><li><strong>Utilisation partielle<\/strong> (2 lits) <strong>des places disponibles<\/strong> : 10% de remise<\/li><li><strong>Longues p\u00e9riodes<\/strong><ul><li>S\u00e9jour de 3 semaines ou plus : 15% de remise<\/li><li>S\u00e9jour de 2 semaines : 10% de remise<\/li><\/ul><\/li><\/ul>\n\n\n\n<ul><li><strong>Groupes<\/strong><\/li><\/ul>\n\n\n\n<p>Location de tous les appartements disponibles (6 appartements) d&#8217;un seul groupe : remise de 10 %<\/p>\n\n\n\n<ul><li><strong>Utilisation du salon \u00e9quip\u00e9<\/strong><\/li><\/ul>\n\n\n\n<p>\u00c9v\u00e9nements, c\u00e9r\u00e9monies, f\u00eates, r\u00e9unions et d\u00eeners d&#8217;affaires, frais de location journaliers 600,00 \u20ac. Le tarif comprend la mise \u00e0 disposition du mobilier, des \u00e9quipements et des structures ext\u00e9rieures.<\/p>\n\n\n\n<h2><strong>CONDITIONS DE LOCATION PRESTATIONS DE SERVICE<\/strong><\/h2>\n\n\n\n<ul><li>Compris dans le prix de la location : linge, climatisation (\u00e9t\u00e9-hiver), eau, gaz, \u00e9lectricit\u00e9, utilisation de la t\u00e9l\u00e9vision, utilisation de la piscine avec mobilier, parking, utilisation de l&#8217;espace vert \u00e9quip\u00e9.<\/li><li>Non inclus dans le prix de location : nettoyage final (20,00 \u20ac), utilisation du t\u00e9l\u00e9phone, s\u00e9jour des animaux.<\/li><\/ul>\n\n\n\n<h2><strong>R\u00c9SERVATIONS<\/strong><\/h2>\n\n\n\n<p>Les s\u00e9jours \u00e0 la semaine en \u00e9t\u00e9 doivent \u00eatre r\u00e9serv\u00e9s, de pr\u00e9f\u00e9rence, du samedi au samedi. Les appartements seront livr\u00e9s de 17h00 \u00e0 18h00 et doivent \u00eatre lib\u00e9r\u00e9s avant 10h00 le jour du d\u00e9part. Au moment de la r\u00e9servation, un acompte \u00e9gal \u00e0 30% du prix de la location doit \u00eatre envoy\u00e9.<\/p>\n\n\n\n<p>En cas d&#8217;annulation de la r\u00e9servation entre le 7\u00e8me jour et le jour du d\u00e9but de la location ou de non-pr\u00e9sentation le jour de l&#8217;arriv\u00e9e pr\u00e9vue, le locataire devra s&#8217;acquitter de la totalit\u00e9 du tarif de la location.<\/p>\n\n\n\n<p>Aucun remboursement n&#8217;est d\u00fb au locataire qui d\u00e9bute son s\u00e9jour tardivement ou qui interrompt le s\u00e9jour avant la fin de la location.<\/p>\n\n\n\n<h2><strong>LIVRAISON DE L&#8217;APPARTEMENT<\/strong><\/h2>\n\n\n\n<p>A son arriv\u00e9e, le client devra pr\u00e9senter une pi\u00e8ce d&#8217;identit\u00e9 et lors de la remise des cl\u00e9s, l&#8217;inventaire des \u00e9quipements existant dans l&#8217;appartement sera remis avec lequel la v\u00e9rification de leur coh\u00e9rence\/int\u00e9grit\u00e9 sera effectu\u00e9e au moment de l&#8217;\u00e9tablissement du logement.<\/p>\n\n\n\n<p>Aucune substitution de personne n&#8217;est autoris\u00e9e pendant la p\u00e9riode de location. Tous les logements sont livr\u00e9s propres et fonctionnels et doivent \u00eatre restitu\u00e9s de la m\u00eame mani\u00e8re, en pr\u00e9voyant l&#8217;\u00e9vacuation des d\u00e9chets ; sinon la somme de 40,00 \u20ac sera factur\u00e9e pour les frais de nettoyage suppl\u00e9mentaires.<\/p>\n\n\n\n<h2><strong>PLAINTES<\/strong><\/h2>\n\n\n\n<p>Le locataire doit v\u00e9rifier la conformit\u00e9 de l&#8217;\u00e9tat d&#8217;inventaire\/d&#8217;entretien de l&#8217;appartement et faire part de ses observations dans un d\u00e9lai maximum de 24 heures apr\u00e8s son arriv\u00e9e.<\/p>\n","protected":false},"excerpt":{"rendered":"<p>Nome Appartamento&nbsp; N\u00b0 de chambres&nbsp; des lits Tarif semaine Haute saison Tarif semaine Basse saison Tarif journalier Blue Moon 2 \/ mq 30 &nbsp;1 + 2 &nbsp;\u20ac 735 &nbsp;\u20ac 650 &nbsp;\u20ac 110 Melrose&nbsp; 2 \/mq 35 &nbsp;2 + 2 &nbsp;\u20ac 875 &nbsp;\u20ac 800 &nbsp;\u20ac 130 Ametista* 2 \/mq 35 &nbsp;2 + 2 &nbsp;\u20ac 950 &nbsp;\u20ac &hellip; <\/p>\n<p class=\"link-more\"><a href=\"https:\/\/www.residenzailroseto.it\/index.php\/fr\/prix\/\" class=\"more-link\">Leggi tutto<span class=\"screen-reader-text\"> &#8220;Prix&#8221;<\/span><\/a><\/p>\n","protected":false},"author":1,"featured_media":0,"parent":0,"menu_order":0,"comment_status":"closed","ping_status":"closed","template":"","meta":[],"_links":{"self":[{"href":"https:\/\/www.residenzailroseto.it\/index.php\/wp-json\/wp\/v2\/pages\/420"}],"collection":[{"href":"https:\/\/www.residenzailroseto.it\/index.php\/wp-json\/wp\/v2\/pages"}],"about":[{"href":"https:\/\/www.residenzailroseto.it\/index.php\/wp-json\/wp\/v2\/types\/page"}],"author":[{"embeddable":true,"href":"https:\/\/www.residenzailroseto.it\/index.php\/wp-json\/wp\/v2\/users\/1"}],"replies":[{"embeddable":true,"href":"https:\/\/www.residenzailroseto.it\/index.php\/wp-json\/wp\/v2\/comments?post=420"}],"version-history":[{"count":6,"href":"https:\/\/www.residenzailroseto.it\/index.php\/wp-json\/wp\/v2\/pages\/420\/revisions"}],"predecessor-version":[{"id":629,"href":"https:\/\/www.residenzailroseto.it\/index.php\/wp-json\/wp\/v2\/pages\/420\/revisions\/629"}],"wp:attachment":[{"href":"https:\/\/www.residenzailroseto.it\/index.php\/wp-json\/wp\/v2\/media?parent=420"}],"curies":[{"name":"wp","href":"https:\/\/api.w.org\/{rel}","templated":true}]}}