{"id":343,"date":"2021-06-16T17:20:06","date_gmt":"2021-06-16T15:20:06","guid":{"rendered":"https:\/\/www.residenzailroseto.it\/?page_id=343"},"modified":"2022-02-19T09:27:54","modified_gmt":"2022-02-19T08:27:54","slug":"preise","status":"publish","type":"page","link":"https:\/\/www.residenzailroseto.it\/index.php\/de\/preise\/","title":{"rendered":"Preise"},"content":{"rendered":"\n<figure class=\"wp-block-table is-style-stripes\"><table class=\"has-fixed-layout\"><thead><tr><th>Name<\/th><th>Zimmer n\u00b0<\/th><th class=\"has-text-align-center\" data-align=\"center\">Bettenzahl<\/th><th class=\"has-text-align-center\" data-align=\"center\">W\u00f6chentlicher Preis&nbsp;<br><br>Hochsaison<\/th><th class=\"has-text-align-center\" data-align=\"center\">W\u00f6chentlicher Preis&nbsp;<br><br>Nachsaison<\/th><th class=\"has-text-align-center\" data-align=\"center\">Tagespreis<br><\/th><\/tr><\/thead><tbody><tr><td>Blue Moon<\/td><td>2 \/ mq 30<\/td><td class=\"has-text-align-center\" data-align=\"center\">1 + 2<\/td><td class=\"has-text-align-center\" data-align=\"center\">&nbsp;\u20ac 735<\/td><td class=\"has-text-align-center\" data-align=\"center\">&nbsp;\u20ac 650<\/td><td class=\"has-text-align-center\" data-align=\"center\">&nbsp;\u20ac 110<\/td><\/tr><tr><td>Melrose\u00a0<\/td><td>2 \/ mq 35<\/td><td class=\"has-text-align-center\" data-align=\"center\">2 + 2<\/td><td class=\"has-text-align-center\" data-align=\"center\">&nbsp;\u20ac 875<\/td><td class=\"has-text-align-center\" data-align=\"center\">&nbsp;\u20ac 800<\/td><td class=\"has-text-align-center\" data-align=\"center\">&nbsp;\u20ac 130<\/td><\/tr><tr><td>Ametista*\u00a0<\/td><td>2 \/ mq 35<\/td><td class=\"has-text-align-center\" data-align=\"center\">2 + 2<\/td><td class=\"has-text-align-center\" data-align=\"center\">&nbsp;\u20ac 950<\/td><td class=\"has-text-align-center\" data-align=\"center\">&nbsp;\u20ac 830<\/td><td class=\"has-text-align-center\" data-align=\"center\">&nbsp;\u20ac 140<\/td><\/tr><tr><td>Thalia*\u00a0<\/td><td>2 \/ mq 30<\/td><td class=\"has-text-align-center\" data-align=\"center\">2<\/td><td class=\"has-text-align-center\" data-align=\"center\">&nbsp;\u20ac 650<\/td><td class=\"has-text-align-center\" data-align=\"center\">&nbsp;\u20ac 600<\/td><td class=\"has-text-align-center\" data-align=\"center\">&nbsp;\u20ac 100<\/td><\/tr><tr><td>Amarcord<\/td><td>2 \/ mq 32<\/td><td class=\"has-text-align-center\" data-align=\"center\">2 + 2<\/td><td class=\"has-text-align-center\" data-align=\"center\">&nbsp;\u20ac 840<\/td><td class=\"has-text-align-center\" data-align=\"center\">&nbsp;\u20ac 750<\/td><td class=\"has-text-align-center\" data-align=\"center\">&nbsp;\u20ac 125<\/td><\/tr><\/tbody><\/table><figcaption>(*) Die beiden Wohnungen sind miteinander verbunden und k\u00f6nnen verbunden werden<\/figcaption><\/figure>\n\n\n\n<p><strong>Hochsaison <\/strong>vom 10. Juni bis 15. September, Ostern, Weihnachten, Neujahr<\/p>\n\n\n\n<p><\/p>\n\n\n\n<h2><strong>ANGEBOTE<\/strong><\/h2>\n\n\n\n<ul><li><strong>Teilweise Nutzung<\/strong> (2 Betten) <strong>der verf\u00fcgbaren Betten<\/strong>, Skonto 10%<\/li><li><strong>Lange Perioden<\/strong><ul><li>Aufenthalt von 3 oder mehr Wochen, Skonto 15%<\/li><li>Aufenthalt von 2 Wochen, Skonto 10%<\/li><\/ul><\/li><\/ul>\n\n\n\n<ul><li><strong>Gruppen<\/strong><\/li><\/ul>\n\n\n\n<p>Alle verf\u00fcgbaren Apartments (6 Apartments) von einer einzigen Gruppe, Skonto 10%<\/p>\n\n\n\n<ul><li><strong>Nutzung Salon <\/strong><\/li><\/ul>\n\n\n\n<p>Tagesmietpreis \u20ac 600,00.<\/p>\n\n\n\n<h2><strong>MIETBEDINGUNGEN<\/strong><\/h2>\n\n\n\n<ul><li><strong>Im Mietpreis enthalten<\/strong><\/li><\/ul>\n\n\n\n<p>W\u00e4sche, Verbrauch Wasser, Gas, Elektrizit\u00e4t, Tv, Swimmbad, Parkplatz, Garten, Klimaanlage (Sommer\/Winter)<\/p>\n\n\n\n<ul><li><strong>Im Mietpreis nicht enthalten<\/strong><\/li><\/ul>\n\n\n\n<p>Telefon, Aufenthalt von Tieren, Endreinigung (\u20ac 20,00)<\/p>\n\n\n\n<h2><strong>RESERVIERUNGEN<\/strong><\/h2>\n\n\n\n<p>Im Sommer werden die w\u00f6chentlichen Aufenthalte reserviert, wenn m\u00f6glich von Samstag auf Samstag.<\/p>\n\n\n\n<p>Die Apartments werden von 17:00 bis 18:00 Uhr \u00fcbergeben und m\u00fcssen bis 10:00 Uhr am Abfahrtstag freigemacht werden.<\/p>\n\n\n\n<p>Die Reservierungen gehen \u00fcber Telefon, Fax oder E-Mail. Mit der Reservierung muss eine Anzahlung von 30% gelastet werden. <\/p>\n\n\n\n<p>Im Falle einer Absage innerhalb von 7 Tagen vor Aufenthaltsbeginn muss der Gesamtbetrag bezahlt werden.<\/p>\n\n\n\n<p>Es ist nicht erlaubt den Aufenthalt unterbrechen.&nbsp;&nbsp;&nbsp;<\/p>\n\n\n\n<h2><strong>\u00dcBERGABE DES APARTMENTS<\/strong><\/h2>\n\n\n\n<p>Der Gast muss einen Personalausweis vorlegen und bei der Schl\u00fcsselausgabe ein Inventar der in der Wohnung vorhandenen Ausstattung geliefert, mit der ihre Konsistenz \/ Unversehrtheit zum Zeitpunkt der Einrichtung der Unterkunft \u00fcberpr\u00fcft wird.<\/p>\n\n\n\n<p>Es ist verboten die Personen auszutauschen.<\/p>\n\n\n\n<p>Das Apartment muss sauber und funktionierend zur\u00fcckerstattet werden. Die Abf\u00e4lle m\u00fcssen entfernt werden, andernfalls&nbsp;&nbsp;&nbsp;wird eine Summe von \u20ac 40,00 zur\u00fcckgehalten.<\/p>\n\n\n\n<h2><strong>REKLAMIERUNGEN<\/strong><\/h2>\n\n\n\n<p>Innerhalb von 24 Stunden nach der Ankunft m\u00fcssen eventuelle Sch\u00e4den gemeldet werden.<\/p>\n","protected":false},"excerpt":{"rendered":"<p>Name Zimmer n\u00b0 Bettenzahl W\u00f6chentlicher Preis&nbsp; Hochsaison W\u00f6chentlicher Preis&nbsp; Nachsaison Tagespreis Blue Moon 2 \/ mq 30 1 + 2 &nbsp;\u20ac 735 &nbsp;\u20ac 650 &nbsp;\u20ac 110 Melrose\u00a0 2 \/ mq 35 2 + 2 &nbsp;\u20ac 875 &nbsp;\u20ac 800 &nbsp;\u20ac 130 Ametista*\u00a0 2 \/ mq 35 2 + 2 &nbsp;\u20ac 950 &nbsp;\u20ac 830 &nbsp;\u20ac 140 Thalia*\u00a0 &hellip; <\/p>\n<p class=\"link-more\"><a href=\"https:\/\/www.residenzailroseto.it\/index.php\/de\/preise\/\" class=\"more-link\">Leggi tutto<span class=\"screen-reader-text\"> &#8220;Preise&#8221;<\/span><\/a><\/p>\n","protected":false},"author":1,"featured_media":0,"parent":0,"menu_order":0,"comment_status":"closed","ping_status":"closed","template":"","meta":[],"_links":{"self":[{"href":"https:\/\/www.residenzailroseto.it\/index.php\/wp-json\/wp\/v2\/pages\/343"}],"collection":[{"href":"https:\/\/www.residenzailroseto.it\/index.php\/wp-json\/wp\/v2\/pages"}],"about":[{"href":"https:\/\/www.residenzailroseto.it\/index.php\/wp-json\/wp\/v2\/types\/page"}],"author":[{"embeddable":true,"href":"https:\/\/www.residenzailroseto.it\/index.php\/wp-json\/wp\/v2\/users\/1"}],"replies":[{"embeddable":true,"href":"https:\/\/www.residenzailroseto.it\/index.php\/wp-json\/wp\/v2\/comments?post=343"}],"version-history":[{"count":12,"href":"https:\/\/www.residenzailroseto.it\/index.php\/wp-json\/wp\/v2\/pages\/343\/revisions"}],"predecessor-version":[{"id":626,"href":"https:\/\/www.residenzailroseto.it\/index.php\/wp-json\/wp\/v2\/pages\/343\/revisions\/626"}],"wp:attachment":[{"href":"https:\/\/www.residenzailroseto.it\/index.php\/wp-json\/wp\/v2\/media?parent=343"}],"curies":[{"name":"wp","href":"https:\/\/api.w.org\/{rel}","templated":true}]}}