{"id":333,"date":"2021-06-16T17:15:07","date_gmt":"2021-06-16T15:15:07","guid":{"rendered":"https:\/\/www.residenzailroseto.it\/?page_id=333"},"modified":"2022-02-19T09:28:51","modified_gmt":"2022-02-19T08:28:51","slug":"listino-prezzi","status":"publish","type":"page","link":"https:\/\/www.residenzailroseto.it\/index.php\/listino-prezzi\/","title":{"rendered":"Listino prezzi"},"content":{"rendered":"\n<figure class=\"wp-block-table is-style-stripes\"><table class=\"has-fixed-layout\"><thead><tr><th>Nome Appartamento&nbsp;<\/th><th>N\u00b0 Locali&nbsp;<\/th><th class=\"has-text-align-center\" data-align=\"center\">Posti Letto<\/th><th class=\"has-text-align-center\" data-align=\"center\">Quota settimanale<br><br>Alta Stagione<\/th><th class=\"has-text-align-center\" data-align=\"center\">Quota settimanale<br><br>Bassa Stagione<\/th><th class=\"has-text-align-center\" data-align=\"center\">Quota giornaliera<br><br><br><\/th><\/tr><\/thead><tbody><tr><td>Blue Moon<\/td><td>Bilocale mq 30<\/td><td class=\"has-text-align-center\" data-align=\"center\">&nbsp;1 + 2<\/td><td class=\"has-text-align-center\" data-align=\"center\">&nbsp;\u20ac 735<\/td><td class=\"has-text-align-center\" data-align=\"center\">&nbsp;\u20ac650<\/td><td class=\"has-text-align-center\" data-align=\"center\">&nbsp;\u20ac 110<\/td><\/tr><tr><td>Melrose\u00a0<\/td><td>Bilocale mq 35<\/td><td class=\"has-text-align-center\" data-align=\"center\">&nbsp;2 + 2<\/td><td class=\"has-text-align-center\" data-align=\"center\">&nbsp;\u20ac875<\/td><td class=\"has-text-align-center\" data-align=\"center\">&nbsp;\u20ac 800<\/td><td class=\"has-text-align-center\" data-align=\"center\">&nbsp;\u20ac 130<\/td><\/tr><tr><td>Ametista*\u00a0<\/td><td>Bilocale mq 35<\/td><td class=\"has-text-align-center\" data-align=\"center\">&nbsp;2 + 2<\/td><td class=\"has-text-align-center\" data-align=\"center\">&nbsp;\u20ac 950<\/td><td class=\"has-text-align-center\" data-align=\"center\">&nbsp;\u20ac 830<\/td><td class=\"has-text-align-center\" data-align=\"center\">&nbsp;\u20ac 140<\/td><\/tr><tr><td>Thalia*\u00a0<\/td><td>Bilocale mq 30<\/td><td class=\"has-text-align-center\" data-align=\"center\">&nbsp;2<\/td><td class=\"has-text-align-center\" data-align=\"center\">&nbsp;\u20ac 650<\/td><td class=\"has-text-align-center\" data-align=\"center\">&nbsp;\u20ac 600<\/td><td class=\"has-text-align-center\" data-align=\"center\">&nbsp;\u20ac 100<\/td><\/tr><tr><td>Amarcord\u00a0<\/td><td>Bilocale mq 32<\/td><td class=\"has-text-align-center\" data-align=\"center\">&nbsp;2 + 2<\/td><td class=\"has-text-align-center\" data-align=\"center\">&nbsp;\u20ac 840<\/td><td class=\"has-text-align-center\" data-align=\"center\">&nbsp;\u20ac 750<\/td><td class=\"has-text-align-center\" data-align=\"center\">&nbsp;\u20ac 125<\/td><\/tr><\/tbody><\/table><figcaption>(*) I due appartamenti sono comunicanti e possono essere uniti<\/figcaption><\/figure>\n\n\n\n<p><strong>Alta stagione<\/strong>: dal 10 giugno al 15 settembre, Pasqua, Natale, Capodanno<\/p>\n\n\n\n<h2><strong>OFFERTE<\/strong><\/h2>\n\n\n\n<ul><li><strong>Parziale utilizzazione<\/strong> (2 posti letto) <strong>dei posti disponibili<\/strong>: sconto del 10%<\/li><li><strong>Lunghi periodi<\/strong><ul><li>Soggiorno di 3 settimane o pi\u00f9: sconto 15%<\/li><li>Soggiorno di 2 settimane: sconto 10%<\/li><\/ul><\/li><\/ul>\n\n\n\n<ul><li><strong>Gruppi<\/strong><\/li><\/ul>\n\n\n\n<p>Affitto di tutti gli appartamenti disponibili (n\u00b0 6 appartamenti) da un unico gruppo: sconto 10%<\/p>\n\n\n\n<ul><li><strong>Utilizzazione salone attrezzato<\/strong><\/li><\/ul>\n\n\n\n<p>Eventi, cerimonie, feste, riunioni e cene di lavoro, quota giornaliera di locazione \u20ac 600,00. La quota comprende la disponibilit\u00e0 degli arredi, delle attrezzature e delle strutture esterne.<\/p>\n\n\n\n<h2><strong>CONDIZIONI DI LOCAZIONE<\/strong><\/h2>\n\n\n\n<p><strong>SERVIZI<\/strong><\/p>\n\n\n\n<ul><li>Compresi nella quota d\u2019affitto: biancheria, climatizzazione (estate-inverno), consumi acqua, gas, energia elettrica, uso TV, uso piscina con arredi, posteggio autovettura, uso area verde attrezzata.<\/li><li>Non compresi nella quota d\u2019affitto: pulizie finali (\u20ac 20,00), uso del telefono, soggiorno animali.<\/li><\/ul>\n\n\n\n<p><strong>PRENOTAZIONI<\/strong><\/p>\n\n\n\n<p>I soggiorni settimanali in periodo estivo vanno prenotati, preferibilmente, da sabato a sabato. Gli appartamenti verranno consegnati dalle ore 17:00 alle ore 18:00 e dovranno essere liberati entro le ore 10:00 del giorno di partenza. All\u2019atto della prenotazione&nbsp;dovr\u00e0 essere inviato un acconto pari al 30% del prezzo di locazione.<\/p>\n\n\n\n<p>In caso di annullamento della prenotazione tra il 7\u00b0 giorno ed il giorno d\u2019inizio della locazione o la mancata presentazione&nbsp;&nbsp;il giorno di previsto arrivo, l\u2019ospite dovr\u00e0 pagare l\u2019intera tariffa di locazione.<\/p>\n\n\n\n<p>Nessun rimborso \u00e8 dovuto all\u2019ospite che inizia il soggiorno in ritardo o che interrompe il soggiorno prima della fine della locazione.<\/p>\n\n\n\n<h2><strong>CONSEGNA DELL\u2019 APPARTAMENTO<\/strong><\/h2>\n\n\n\n<p>All\u2019 arrivo l\u2019ospite dovr\u00e0 presentare un documento di riconoscimento ed al ritiro delle chiavi verr\u00e0 consegnato l&#8217;inventario delle dotazioni esistenti nell&#8217;appartamento con cui verr\u00e0 effettuata la verifica della loro consistenza\/integrit\u00e0 al momento della rstituzione dell&#8217;alloggio.<\/p>\n\n\n\n<p>Non \u00e8 permessa alcuna sostituzione di persona durante il periodo di locazione. Tutti gli alloggi vengono consegnati puliti e funzionanti e devono essere restituiti nello stesso modo, provvedendo all\u2019asporto dei rifiuti; in caso contrario verr\u00e0 addebitata la somma di \u20ac 40,00 per le spese di pulizia supplementare.<\/p>\n\n\n\n<h2><strong>RECLAMI<\/strong><\/h2>\n\n\n\n<p>L\u2019ospite dovr\u00e0 verificare la rispondenza dell\u2019inventario \/ stato di manutenzione dell\u2019appartamento e presentare le sue osservazioni&nbsp;&nbsp;entro max 24 ore dal suo arrivo.<\/p>\n","protected":false},"excerpt":{"rendered":"<p>Nome Appartamento&nbsp; N\u00b0 Locali&nbsp; Posti Letto Quota settimanale Alta Stagione Quota settimanale Bassa Stagione Quota giornaliera Blue Moon Bilocale mq 30 &nbsp;1 + 2 &nbsp;\u20ac 735 &nbsp;\u20ac650 &nbsp;\u20ac 110 Melrose\u00a0 Bilocale mq 35 &nbsp;2 + 2 &nbsp;\u20ac875 &nbsp;\u20ac 800 &nbsp;\u20ac 130 Ametista*\u00a0 Bilocale mq 35 &nbsp;2 + 2 &nbsp;\u20ac 950 &nbsp;\u20ac 830 &nbsp;\u20ac 140 Thalia*\u00a0 &hellip; <\/p>\n<p class=\"link-more\"><a href=\"https:\/\/www.residenzailroseto.it\/index.php\/listino-prezzi\/\" class=\"more-link\">Leggi tutto<span class=\"screen-reader-text\"> &#8220;Listino prezzi&#8221;<\/span><\/a><\/p>\n","protected":false},"author":1,"featured_media":0,"parent":0,"menu_order":0,"comment_status":"closed","ping_status":"closed","template":"","meta":[],"_links":{"self":[{"href":"https:\/\/www.residenzailroseto.it\/index.php\/wp-json\/wp\/v2\/pages\/333"}],"collection":[{"href":"https:\/\/www.residenzailroseto.it\/index.php\/wp-json\/wp\/v2\/pages"}],"about":[{"href":"https:\/\/www.residenzailroseto.it\/index.php\/wp-json\/wp\/v2\/types\/page"}],"author":[{"embeddable":true,"href":"https:\/\/www.residenzailroseto.it\/index.php\/wp-json\/wp\/v2\/users\/1"}],"replies":[{"embeddable":true,"href":"https:\/\/www.residenzailroseto.it\/index.php\/wp-json\/wp\/v2\/comments?post=333"}],"version-history":[{"count":20,"href":"https:\/\/www.residenzailroseto.it\/index.php\/wp-json\/wp\/v2\/pages\/333\/revisions"}],"predecessor-version":[{"id":627,"href":"https:\/\/www.residenzailroseto.it\/index.php\/wp-json\/wp\/v2\/pages\/333\/revisions\/627"}],"wp:attachment":[{"href":"https:\/\/www.residenzailroseto.it\/index.php\/wp-json\/wp\/v2\/media?parent=333"}],"curies":[{"name":"wp","href":"https:\/\/api.w.org\/{rel}","templated":true}]}}