{"id":240,"date":"2021-06-05T07:28:14","date_gmt":"2021-06-05T05:28:14","guid":{"rendered":"https:\/\/www.residenzailroseto.it\/?page_id=240"},"modified":"2021-07-03T17:20:51","modified_gmt":"2021-07-03T15:20:51","slug":"la-tenuta","status":"publish","type":"page","link":"https:\/\/www.residenzailroseto.it\/index.php\/de\/la-tenuta\/","title":{"rendered":"La tenuta"},"content":{"rendered":"\n<div class=\"wp-block-image\"><figure class=\"aligncenter size-large\"><img loading=\"lazy\" width=\"410\" height=\"229\" src=\"https:\/\/www.residenzailroseto.it\/wp-content\/uploads\/2021\/07\/Logo-Tenuta-del-Colonnello.png\" alt=\"\" class=\"wp-image-537\" srcset=\"https:\/\/www.residenzailroseto.it\/wp-content\/uploads\/2021\/07\/Logo-Tenuta-del-Colonnello.png 410w, https:\/\/www.residenzailroseto.it\/wp-content\/uploads\/2021\/07\/Logo-Tenuta-del-Colonnello-300x168.png 300w\" sizes=\"(max-width: 410px) 100vw, 410px\" \/><\/figure><\/div>\n\n\n\n<div style=\"height:31px\" aria-hidden=\"true\" class=\"wp-block-spacer\"><\/div>\n\n\n\n<p>Der Bauernhof &#8220;TENUTA DEL COLONNELLO&#8221; und sein Bauernhaus &#8220;Residenza il roseto&#8221; sind eine Kombination von Sensationen: Herstellung von Bio-\u00d6l, Verkostung lokaler Produkte und Gastfreundschaft. Tenuta del Colonnello ist ein \u00f6kologisches landwirtschaftliches Kompendium von etwa zwanzig Hektar in einer beherrschenden Stellung innerhalb des SIC-Gebiets (Site of Community Interest) des Trasimeno-Sees, von wo aus Sie ein einzigartiges Panorama zwischen unber\u00fchrten Olivenhainen und jahrhundertealten Hainen bewundern k\u00f6nnen. G\u00e4ste des Bauernhofs, der nur wenige Kilometer entfernt liegt, am Stadtrand von Magione, einer ruhigen und friedlichen Umgebung, um angenehme Tage zu verbringen, um die nat\u00fcrlichen Reicht\u00fcmer zu entdecken.<\/p>\n\n\n\n<figure class=\"wp-block-embed is-type-video is-provider-youtube wp-block-embed-youtube wp-embed-aspect-16-9 wp-has-aspect-ratio\"><div class=\"wp-block-embed__wrapper\">\n<iframe loading=\"lazy\" title=\"La tenuta del colonnello\" width=\"525\" height=\"295\" src=\"https:\/\/www.youtube.com\/embed\/Pg_cvB4X0tE?feature=oembed\" frameborder=\"0\" allow=\"accelerometer; autoplay; clipboard-write; encrypted-media; gyroscope; picture-in-picture\" allowfullscreen><\/iframe>\n<\/div><\/figure>\n\n\n\n<h2><strong>Unsere Produkte<\/strong><\/h2>\n\n\n\n<figure class=\"wp-block-image size-large is-resized\"><img loading=\"lazy\" src=\"https:\/\/www.residenzailroseto.it\/wp-content\/uploads\/2021\/07\/IMG_20210702_175227-576x1024.jpg\" alt=\"\" class=\"wp-image-508\" width=\"231\" height=\"411\" srcset=\"https:\/\/www.residenzailroseto.it\/wp-content\/uploads\/2021\/07\/IMG_20210702_175227-576x1024.jpg 576w, https:\/\/www.residenzailroseto.it\/wp-content\/uploads\/2021\/07\/IMG_20210702_175227-169x300.jpg 169w, https:\/\/www.residenzailroseto.it\/wp-content\/uploads\/2021\/07\/IMG_20210702_175227.jpg 686w\" sizes=\"(max-width: 231px) 100vw, 231px\" \/><\/figure>\n\n\n\n<p>Unser \u00d6l spricht von typisch umbrischer Geschichte, Geschmack und Sinnlichkeit. Das Bio- und PDO-\u00d6l des Anwesens ist das Ergebnis der f\u00fcr Umbrien typischen Olivensorten; kombiniert die Feinheit des Geschmacks des Agogia-\u00d6ls mit dem Duft und Geschmack von Leccino, Moraiolo und Frantoio, dem kulturellen Erbe der Region, um ein einzigartiges und organoleptisch ausgewogenes Produkt zu schaffen<\/p>\n","protected":false},"excerpt":{"rendered":"<p>Der Bauernhof &#8220;TENUTA DEL COLONNELLO&#8221; und sein Bauernhaus &#8220;Residenza il roseto&#8221; sind eine Kombination von Sensationen: Herstellung von Bio-\u00d6l, Verkostung lokaler Produkte und Gastfreundschaft. Tenuta del Colonnello ist ein \u00f6kologisches landwirtschaftliches Kompendium von etwa zwanzig Hektar in einer beherrschenden Stellung innerhalb des SIC-Gebiets (Site of Community Interest) des Trasimeno-Sees, von wo aus Sie ein einzigartiges &hellip; <\/p>\n<p class=\"link-more\"><a href=\"https:\/\/www.residenzailroseto.it\/index.php\/de\/la-tenuta\/\" class=\"more-link\">Leggi tutto<span class=\"screen-reader-text\"> &#8220;La tenuta&#8221;<\/span><\/a><\/p>\n","protected":false},"author":3,"featured_media":0,"parent":0,"menu_order":0,"comment_status":"closed","ping_status":"closed","template":"","meta":[],"_links":{"self":[{"href":"https:\/\/www.residenzailroseto.it\/index.php\/wp-json\/wp\/v2\/pages\/240"}],"collection":[{"href":"https:\/\/www.residenzailroseto.it\/index.php\/wp-json\/wp\/v2\/pages"}],"about":[{"href":"https:\/\/www.residenzailroseto.it\/index.php\/wp-json\/wp\/v2\/types\/page"}],"author":[{"embeddable":true,"href":"https:\/\/www.residenzailroseto.it\/index.php\/wp-json\/wp\/v2\/users\/3"}],"replies":[{"embeddable":true,"href":"https:\/\/www.residenzailroseto.it\/index.php\/wp-json\/wp\/v2\/comments?post=240"}],"version-history":[{"count":8,"href":"https:\/\/www.residenzailroseto.it\/index.php\/wp-json\/wp\/v2\/pages\/240\/revisions"}],"predecessor-version":[{"id":540,"href":"https:\/\/www.residenzailroseto.it\/index.php\/wp-json\/wp\/v2\/pages\/240\/revisions\/540"}],"wp:attachment":[{"href":"https:\/\/www.residenzailroseto.it\/index.php\/wp-json\/wp\/v2\/media?parent=240"}],"curies":[{"name":"wp","href":"https:\/\/api.w.org\/{rel}","templated":true}]}}