{"id":129,"date":"2021-06-03T19:15:39","date_gmt":"2021-06-03T17:15:39","guid":{"rendered":"https:\/\/www.residenzailroseto.it\/?page_id=129"},"modified":"2021-06-04T12:16:26","modified_gmt":"2021-06-04T10:16:26","slug":"leistungen","status":"publish","type":"page","link":"https:\/\/www.residenzailroseto.it\/index.php\/de\/leistungen\/","title":{"rendered":"Leistungen"},"content":{"rendered":"\n<p><strong>Schwimmbad<\/strong><\/p>\n\n\n\n<p><strong>Internet<\/strong><\/p>\n\n\n\n<p><strong>Klimaanlage<\/strong><\/p>\n\n\n\n<p><strong>Haustiere erlaubt<\/strong><\/p>\n\n\n\n<h4>Erlaubte Haustiere<\/h4>\n\n\n\n<ul><li>Hunde<\/li><li>Katzen<\/li><\/ul>\n\n\n\n<h4>Gr\u00f6\u00dfe\/Geschlecht des Hundes<\/h4>\n\n\n\n<ul><li>Klein (unter 10 kg)<\/li><li>Mittel (10 kg &#8211; 25 kg)<\/li><li>gro\u00df (25 kg &#8211; 45 kg)<\/li><li>Sehr gro\u00df (\u00fcber 45 kg)<\/li><\/ul>\n\n\n\n<h4>Erlaubnis gilt f\u00fcr<\/h4>\n\n\n\n<ul><li>Unterkunft<\/li><li>Gemeinschaftsbereiche<\/li><\/ul>\n\n\n\n<h4>Sicherheit<\/h4>\n\n\n\n<ul><li>Nur gut erzogene und beaufsichtigte Tiere<\/li><li>Leinenpflicht in Gemeinschaftsr\u00e4umen<\/li><\/ul>\n\n\n\n<h4>Leistungen<\/h4>\n\n\n\n<ul><li>Bett\/Liegematte f\u00fcr innen<\/li><li>Tierklinik\/Tierarzt in der N\u00e4he<\/li><\/ul>\n\n\n\n<p><strong>Kinderspielplatz<\/strong><strong>Sport und Freizeit<\/strong><\/p>\n\n\n\n<ul><li>Reitm\u00f6glichkeiten<\/li><li>Fahrradverleih<\/li><\/ul>\n\n\n\n<p><strong>Direktverkauf lokaler Erzeugnisse<\/strong><strong>Einrichtungen f\u00fcr Behinderte<\/strong><strong>Kreditkartenzahlung<\/strong><strong>In der Umgebung<\/strong><\/p>\n\n\n\n<ul><li>Themenparks und Wasserparks<\/li><li>Naturschutzparks<\/li><li>Museen und Galerien<\/li><li>K\u00fcnstlerische und historische St\u00e4tten<\/li><li>Spa<\/li><\/ul>\n\n\n\n<p><strong>Sport in der Umgebung<\/strong><\/p>\n\n\n\n<ul><li>Wandern<\/li><li>Vogelbeobachtung<\/li><li>Jagd<\/li><li>Angeln<\/li><li>Reiten<\/li><li>Golf<\/li><li>Tennis<\/li><li>Shopping<\/li><\/ul>\n","protected":false},"excerpt":{"rendered":"<p>Schwimmbad Internet Klimaanlage Haustiere erlaubt Erlaubte Haustiere Hunde Katzen Gr\u00f6\u00dfe\/Geschlecht des Hundes Klein (unter 10 kg) Mittel (10 kg &#8211; 25 kg) gro\u00df (25 kg &#8211; 45 kg) Sehr gro\u00df (\u00fcber 45 kg) Erlaubnis gilt f\u00fcr Unterkunft Gemeinschaftsbereiche Sicherheit Nur gut erzogene und beaufsichtigte Tiere Leinenpflicht in Gemeinschaftsr\u00e4umen Leistungen Bett\/Liegematte f\u00fcr innen Tierklinik\/Tierarzt in der &hellip; <\/p>\n<p class=\"link-more\"><a href=\"https:\/\/www.residenzailroseto.it\/index.php\/de\/leistungen\/\" class=\"more-link\">Leggi tutto<span class=\"screen-reader-text\"> &#8220;Leistungen&#8221;<\/span><\/a><\/p>\n","protected":false},"author":1,"featured_media":144,"parent":0,"menu_order":0,"comment_status":"closed","ping_status":"closed","template":"","meta":[],"_links":{"self":[{"href":"https:\/\/www.residenzailroseto.it\/index.php\/wp-json\/wp\/v2\/pages\/129"}],"collection":[{"href":"https:\/\/www.residenzailroseto.it\/index.php\/wp-json\/wp\/v2\/pages"}],"about":[{"href":"https:\/\/www.residenzailroseto.it\/index.php\/wp-json\/wp\/v2\/types\/page"}],"author":[{"embeddable":true,"href":"https:\/\/www.residenzailroseto.it\/index.php\/wp-json\/wp\/v2\/users\/1"}],"replies":[{"embeddable":true,"href":"https:\/\/www.residenzailroseto.it\/index.php\/wp-json\/wp\/v2\/comments?post=129"}],"version-history":[{"count":1,"href":"https:\/\/www.residenzailroseto.it\/index.php\/wp-json\/wp\/v2\/pages\/129\/revisions"}],"predecessor-version":[{"id":130,"href":"https:\/\/www.residenzailroseto.it\/index.php\/wp-json\/wp\/v2\/pages\/129\/revisions\/130"}],"wp:featuredmedia":[{"embeddable":true,"href":"https:\/\/www.residenzailroseto.it\/index.php\/wp-json\/wp\/v2\/media\/144"}],"wp:attachment":[{"href":"https:\/\/www.residenzailroseto.it\/index.php\/wp-json\/wp\/v2\/media?parent=129"}],"curies":[{"name":"wp","href":"https:\/\/api.w.org\/{rel}","templated":true}]}}